{"id":190,"date":"2021-03-14T14:28:00","date_gmt":"2021-03-14T13:28:00","guid":{"rendered":"https:\/\/photographyforlife.ch\/?page_id=190"},"modified":"2022-05-09T11:54:02","modified_gmt":"2022-05-09T10:54:02","slug":"service-preise","status":"publish","type":"page","link":"https:\/\/photographyforlife.ch\/?page_id=190","title":{"rendered":"ANGEBOTE | preise"},"content":{"rendered":"\n<p><strong>KOSTEN<\/strong><\/p>\n\n\n\n<figure class=\"wp-block-table is-style-regular\"><table class=\"has-background\" style=\"background-color:#fcf0ef\"><tbody><tr><td><strong>Hochzeitsfotografie <\/strong><\/td><\/tr><tr><td>Gegenseitige Abstimmung um die Erwartungen und W\u00fcnsche ber\u00fccksichtigen zu k\u00f6nnen.<br><br>Fotografie Verlobung   |  2-3h                   CHF 890<br>Fotografie Standesamt |  2h                      CHF 680<br>Fotografie Hochzeit ab                               CHF 2&#8217;100<br><\/td><\/tr><tr><td>Weitere Angebote sind:<br>Umfassendes Fotobuch von der Hochzeit<br>Erstellen von Hochzeitsanzeigen<br>Erinnerungen an den Polterabend<br>After Shooting <\/td><\/tr><\/tbody><\/table><\/figure>\n\n\n\n<figure class=\"wp-block-table is-style-regular\"><table class=\"has-background\" style=\"background-color:#e9fbe5\"><tbody><tr><td><strong>Shooting<\/strong>\u00a0| <strong>Pferd\u00a0&amp; Hunde\u00a01,5 bis 2h | CHF 250<\/strong><\/td><\/tr><tr><td>Einzelshooting beinhaltet mindestens 50 Bilder davon 10 bearbeitet. <br><br>Fahrtkosten bis 30 km inklusive.<\/td><\/tr><tr><td>Mehrkilometer | CHF 1.00 \/ KM<\/td><\/tr><\/tbody><\/table><\/figure>\n\n\n\n<figure class=\"wp-block-table\"><table class=\"has-background\" style=\"background-color:#cfdffc\"><tbody><tr><td><strong>Shooting | in Reithalle mit schwarzem Hintergrund | Pferde CHF 300 | Hunde CHF 220<\/strong><br><br>Wo: Pferdehof Steinegg, H\u00fcttwilen<br><br>Dauer | Pferde 2-3h | Hunde 1-2h einrechnen<br>Die Pferde m\u00fcssen sich ggf. an die ungewohnte Situation zuerst daran gew\u00f6hnen (schwarzer Hintergrund und &#171;herumstehender&#187; Blitz)<br><br>10 ausgew\u00e4hlte, bearbeitete Bilder <\/td><\/tr><\/tbody><\/table><\/figure>\n\n\n\n<figure class=\"wp-block-table is-style-regular\"><table class=\"has-background\" style=\"background-color:#e7f5fe\"><tbody><tr><td><strong>Familienshooting ca. 1,5h | CHF 200<\/strong><\/td><\/tr><tr><td>Aufnahmen der Familie mit Eltern, Kindern und Verwandten.<br><br>Fahrtkosten bis 30 km inklusive.<\/td><\/tr><tr><td>Mehrkilometer | CHF 1.00 \/ KM<\/td><\/tr><\/tbody><\/table><\/figure>\n\n\n\n<p><strong>DlENSTLEISTUNGEN DER SHOOTINGS<\/strong><\/p>\n\n\n\n<figure class=\"wp-block-table is-style-regular\"><table class=\"has-background\" style=\"background-color:#fcf0ef\"><tbody><tr><td>Erwartungen im Vorfeld gemeinsam abstimmen<br>Fotoshooting vor Ort bei dir<br>Ungezwungene Atmosph\u00e4re<br>Vorzugsweise nat\u00fcrliche Aufnahmen &#8211; unterschiedlichen Situationen nutzen<\/td><\/tr><tr><td>Aufbereitung der Bilder<br>Lieferung der Bilder mittels USB Stick oder Cloud und Abz\u00fcge der bearbeiteten Bilder je nach Verwendung<br>Auswahl der zu bearbeitenden Bilder durch den Auftraggeber (online)<\/td><\/tr><\/tbody><\/table><\/figure>\n\n\n\n<p><strong>FOTORETUSCHEN<\/strong><\/p>\n\n\n\n<figure class=\"wp-block-table is-style-regular\"><table class=\"has-background\" style=\"background-color:#f3f4f5\"><tbody><tr><td>Fotoretuschen kann ich gerne f\u00fcr dich \u00fcbernehmen. Voraussetzungen sind:<br>Bilder m\u00fcssen von der Basis her eine gute Sch\u00e4rfe haben (die Bilder &#171;scharf&#187; machen ist leider nahezu unm\u00f6glich)<br>Die Grundqualit\u00e4t sollte gut sein<br>Aufl\u00f6sung\/Datei sollte &gt; 2MB<br>Resultat ist nur so gut, wie das angelieferte Foto betreffend Qualit\u00e4t ist.<br>Gute Handy Bilder k\u00f6nnen aber auch ein sch\u00f6nes, \u00fcberraschendes Resultat ergeben. <\/td><\/tr><tr><td>Kosten je nach Aufwand und Erwartungen &#8211; zwischen <strong>CHF 20 und CHF 50<\/strong><\/td><\/tr><\/tbody><\/table><\/figure>\n\n\n\n<figure class=\"wp-block-gallery aligncenter has-nested-images columns-1 is-cropped wp-block-gallery-1 is-layout-flex wp-block-gallery-is-layout-flex\">\n<figure class=\"wp-block-image size-large\"><a href=\"https:\/\/photographyforlife.ch\/?attachment_id=793\"><img loading=\"lazy\" decoding=\"async\" width=\"1024\" height=\"686\" data-id=\"793\" src=\"https:\/\/photographyforlife.ch\/wp-content\/uploads\/2020\/08\/dsc0433-1024x686.png\" alt=\"\" class=\"wp-image-793\" srcset=\"https:\/\/photographyforlife.ch\/wp-content\/uploads\/2020\/08\/dsc0433-1024x686.png 1024w, https:\/\/photographyforlife.ch\/wp-content\/uploads\/2020\/08\/dsc0433-300x201.png 300w, https:\/\/photographyforlife.ch\/wp-content\/uploads\/2020\/08\/dsc0433-768x515.png 768w, https:\/\/photographyforlife.ch\/wp-content\/uploads\/2020\/08\/dsc0433-1536x1029.png 1536w, https:\/\/photographyforlife.ch\/wp-content\/uploads\/2020\/08\/dsc0433-2048x1373.png 2048w, https:\/\/photographyforlife.ch\/wp-content\/uploads\/2020\/08\/dsc0433-960x643.png 960w\" sizes=\"auto, (max-width: 1024px) 100vw, 1024px\" \/><\/a><figcaption>VORHER<\/figcaption><\/figure>\n\n\n\n<figure class=\"wp-block-image size-large\"><a href=\"https:\/\/photographyforlife.ch\/?attachment_id=712\"><img loading=\"lazy\" decoding=\"async\" width=\"1024\" height=\"682\" data-id=\"712\" src=\"https:\/\/photographyforlife.ch\/wp-content\/uploads\/2020\/08\/dsc0433_2-1024x682.png\" alt=\"\" class=\"wp-image-712\" srcset=\"https:\/\/photographyforlife.ch\/wp-content\/uploads\/2020\/08\/dsc0433_2-1024x682.png 1024w, https:\/\/photographyforlife.ch\/wp-content\/uploads\/2020\/08\/dsc0433_2-300x200.png 300w, https:\/\/photographyforlife.ch\/wp-content\/uploads\/2020\/08\/dsc0433_2-768x512.png 768w, https:\/\/photographyforlife.ch\/wp-content\/uploads\/2020\/08\/dsc0433_2-1536x1023.png 1536w, https:\/\/photographyforlife.ch\/wp-content\/uploads\/2020\/08\/dsc0433_2-2048x1364.png 2048w, https:\/\/photographyforlife.ch\/wp-content\/uploads\/2020\/08\/dsc0433_2-960x640.png 960w\" sizes=\"auto, (max-width: 1024px) 100vw, 1024px\" \/><\/a><figcaption>NACHHER<\/figcaption><\/figure>\n<\/figure>\n\n\n<p>\u00a0<\/p>\n<p>+41 79 368 22 66<br \/><a href=\"mailto:info@photographyforlife.ch\">info@photographyforlife.ch<\/a><\/p>","protected":false},"excerpt":{"rendered":"<p>KOSTEN Hochzeitsfotografie Gegenseitige Abstimmung um die Erwartungen und W\u00fcnsche ber\u00fccksichtigen zu k\u00f6nnen. Fotografie Verlobung | 2-3h CHF 890Fotografie Standesamt | 2h CHF 680Fotografie Hochzeit ab CHF 2&#8217;100 Weitere Angebote sind:Umfassendes Fotobuch von der HochzeitErstellen von HochzeitsanzeigenErinnerungen an den PolterabendAfter Shooting Shooting\u00a0| Pferd\u00a0&amp; Hunde\u00a01,5 bis 2h &hellip; <a href=\"https:\/\/photographyforlife.ch\/?page_id=190\" class=\"more-link\"><span>Weiterlesen<span class=\"screen-reader-text\">ANGEBOTE | preise<\/span><\/span><\/a><\/p>\n","protected":false},"author":1,"featured_media":1433,"parent":0,"menu_order":0,"comment_status":"closed","ping_status":"closed","template":"","meta":{"footnotes":""},"class_list":["post-190","page","type-page","status-publish","has-post-thumbnail","hentry"],"_links":{"self":[{"href":"https:\/\/photographyforlife.ch\/index.php?rest_route=\/wp\/v2\/pages\/190","targetHints":{"allow":["GET"]}}],"collection":[{"href":"https:\/\/photographyforlife.ch\/index.php?rest_route=\/wp\/v2\/pages"}],"about":[{"href":"https:\/\/photographyforlife.ch\/index.php?rest_route=\/wp\/v2\/types\/page"}],"author":[{"embeddable":true,"href":"https:\/\/photographyforlife.ch\/index.php?rest_route=\/wp\/v2\/users\/1"}],"replies":[{"embeddable":true,"href":"https:\/\/photographyforlife.ch\/index.php?rest_route=%2Fwp%2Fv2%2Fcomments&post=190"}],"version-history":[{"count":95,"href":"https:\/\/photographyforlife.ch\/index.php?rest_route=\/wp\/v2\/pages\/190\/revisions"}],"predecessor-version":[{"id":1797,"href":"https:\/\/photographyforlife.ch\/index.php?rest_route=\/wp\/v2\/pages\/190\/revisions\/1797"}],"wp:featuredmedia":[{"embeddable":true,"href":"https:\/\/photographyforlife.ch\/index.php?rest_route=\/wp\/v2\/media\/1433"}],"wp:attachment":[{"href":"https:\/\/photographyforlife.ch\/index.php?rest_route=%2Fwp%2Fv2%2Fmedia&parent=190"}],"curies":[{"name":"wp","href":"https:\/\/api.w.org\/{rel}","templated":true}]}}